{"id":43,"date":"2014-09-30T15:20:07","date_gmt":"2014-09-30T14:20:07","guid":{"rendered":"http:\/\/dev.calao.de\/fr\/?page_id=43"},"modified":"2025-08-25T06:27:05","modified_gmt":"2025-08-25T05:27:05","slug":"mentions-legales","status":"publish","type":"page","link":"https:\/\/calao.de\/fr\/mentions-legales\/","title":{"rendered":"Mentions l\u00e9gales"},"content":{"rendered":"\t\t<div data-elementor-type=\"wp-page\" data-elementor-id=\"43\" class=\"elementor elementor-43\">\n\t\t\t\t\t\t<section class=\"elementor-section elementor-top-section elementor-element elementor-element-181e454 elementor-section-boxed elementor-section-height-default elementor-section-height-default\" data-id=\"181e454\" data-element_type=\"section\">\n\t\t\t\t\t\t<div class=\"elementor-container elementor-column-gap-default\">\n\t\t\t\t\t<div class=\"elementor-column elementor-col-100 elementor-top-column elementor-element elementor-element-b114dc7\" data-id=\"b114dc7\" data-element_type=\"column\">\n\t\t\t<div class=\"elementor-widget-wrap elementor-element-populated\">\n\t\t\t\t\t\t<div class=\"elementor-element elementor-element-668c599 elementor-widget elementor-widget-spacer\" data-id=\"668c599\" data-element_type=\"widget\" data-widget_type=\"spacer.default\">\n\t\t\t\t<div class=\"elementor-widget-container\">\n\t\t\t\t\t\t\t<div class=\"elementor-spacer\">\n\t\t\t<div class=\"elementor-spacer-inner\"><\/div>\n\t\t<\/div>\n\t\t\t\t\t\t<\/div>\n\t\t\t\t<\/div>\n\t\t\t\t\t<\/div>\n\t\t<\/div>\n\t\t\t\t\t<\/div>\n\t\t<\/section>\n\t\t\t\t<section class=\"elementor-section elementor-top-section elementor-element elementor-element-279e7e4 elementor-section-full_width elementor-section-height-default elementor-section-height-default\" data-id=\"279e7e4\" data-element_type=\"section\" data-settings=\"{&quot;background_background&quot;:&quot;classic&quot;}\">\n\t\t\t\t\t\t\t<div class=\"elementor-background-overlay\"><\/div>\n\t\t\t\t\t\t\t<div class=\"elementor-container elementor-column-gap-no\">\n\t\t\t\t\t<div class=\"elementor-column elementor-col-100 elementor-top-column elementor-element elementor-element-fbf8cf0\" data-id=\"fbf8cf0\" data-element_type=\"column\">\n\t\t\t<div class=\"elementor-widget-wrap elementor-element-populated\">\n\t\t\t\t\t\t<div class=\"elementor-element elementor-element-7469dd5 elementor-widget elementor-widget-heading\" data-id=\"7469dd5\" data-element_type=\"widget\" data-widget_type=\"heading.default\">\n\t\t\t\t<div class=\"elementor-widget-container\">\n\t\t\t\t\t<h2 class=\"elementor-heading-title elementor-size-default\">Mentions l\u00e9gales<\/h2>\t\t\t\t<\/div>\n\t\t\t\t<\/div>\n\t\t\t\t\t<\/div>\n\t\t<\/div>\n\t\t\t\t\t<\/div>\n\t\t<\/section>\n\t\t\t\t<section class=\"elementor-section elementor-top-section elementor-element elementor-element-e3b02da elementor-section-boxed elementor-section-height-default elementor-section-height-default\" data-id=\"e3b02da\" data-element_type=\"section\">\n\t\t\t\t\t\t<div class=\"elementor-container elementor-column-gap-default\">\n\t\t\t\t\t<div class=\"elementor-column elementor-col-100 elementor-top-column elementor-element elementor-element-5823cf2\" data-id=\"5823cf2\" data-element_type=\"column\">\n\t\t\t<div class=\"elementor-widget-wrap elementor-element-populated\">\n\t\t\t\t\t\t<div class=\"elementor-element elementor-element-04f1c40 elementor-widget elementor-widget-text-editor\" data-id=\"04f1c40\" data-element_type=\"widget\" data-widget_type=\"text-editor.default\">\n\t\t\t\t<div class=\"elementor-widget-container\">\n\t\t\t\t\t\t\t\t\t<h1 style=\"padding-top: 1.5em;\">Mentions l\u00e9gales<\/h1><h2>Selon\u00a0\u00a7 5 TMG:<\/h2><p style=\"color: #7a7a7a; font-family: Roboto, sans-serif; font-size: 16px;\">Ulrike Schneider<br \/>S.T.A.- U. Schneider<br \/>Heinrich-Schicht-Stra\u00dfe 15<br \/>DE -42499 H\u00fcckeswagen<\/p><p style=\"color: #7a7a7a; font-family: Roboto, sans-serif; font-size: 16px;\">Allemagne<\/p><h2>Contact:<\/h2><p>T\u00e9l\u00e9phone:\u00a0 \u00a0 \u00a0+49 (0) 2192 &#8211; 4289<br \/>Telefax:\u00a0 \u00a0 \u00a0+49 (0) 2192-7118<br \/>Email:\u00a0 \u00a0 \u00a0info@calao.de<\/p><h2>Inscrives-vous:<\/h2><p style=\"color: #7a7a7a; font-family: Roboto, sans-serif; font-size: 16px;\">Registre du Commerce.<br \/>Cour de registre: Cologne<br \/>Num\u00e9ro d&#8217;enregistrement: HRA16529<\/p><h2>Num\u00e9ro de TVA:<\/h2><p style=\"color: #7a7a7a; font-family: Roboto, sans-serif; font-size: 16px;\">Num\u00e9ro de TVA intracommunautaire conform\u00e9ment\u00a0\u00a727 a une loi de la taxe de vente::<br \/>DE123270784<\/p><h2>Responsable du contenu conform\u00e9ment au\u00a0\u00a7 55 Abs. 2 RStV:<\/h2><p style=\"color: #7a7a7a; font-family: Roboto, sans-serif; font-size: 16px;\">S.T.A.- U. Schneider<br \/>Heinrich-Schicht-Stra\u00dfe 15<br \/>DE &#8211; 42499 H\u00fcckeswagen<\/p><p style=\"color: #7a7a7a; font-family: Roboto, sans-serif; font-size: 16px;\">Allemagne<\/p><p style=\"color: #7a7a7a; font-family: Roboto, sans-serif; font-size: 16px;\">\u00a0<\/p>\t\t\t\t\t\t\t\t<\/div>\n\t\t\t\t<\/div>\n\t\t\t\t\t<\/div>\n\t\t<\/div>\n\t\t\t\t\t<\/div>\n\t\t<\/section>\n\t\t\t\t<\/div>\n\t\t","protected":false},"excerpt":{"rendered":"<p>Mentions l\u00e9gales Mentions l\u00e9gales Selon\u00a0\u00a7 5 TMG: Ulrike SchneiderS.T.A.- U. SchneiderHeinrich-Schicht-Stra\u00dfe 15DE -42499 H\u00fcckeswagen Allemagne Contact: T\u00e9l\u00e9phone:\u00a0 \u00a0 \u00a0+49 (0) 2192 &#8211; 4289Telefax:\u00a0 \u00a0 \u00a0+49 (0) 2192-7118Email:\u00a0 \u00a0 \u00a0info@calao.de Inscrives-vous: Registre du Commerce.Cour de registre: CologneNum\u00e9ro d&#8217;enregistrement: HRA16529 Num\u00e9ro de TVA: Num\u00e9ro de TVA intracommunautaire conform\u00e9ment\u00a0\u00a727 a une loi de la taxe de vente::DE123270784 Responsable &hellip; <\/p>\n<p class=\"link-more\"><a href=\"https:\/\/calao.de\/fr\/mentions-legales\/\" class=\"more-link\">Continue reading<span class=\"screen-reader-text\"> &#8220;Mentions l\u00e9gales&#8221;<\/span><\/a><\/p>\n","protected":false},"author":4,"featured_media":0,"parent":0,"menu_order":0,"comment_status":"closed","ping_status":"closed","template":"elementor_header_footer","meta":{"_acf_changed":false,"footnotes":""},"class_list":["post-43","page","type-page","status-publish","hentry"],"acf":[],"yoast_head":"<!-- This site is optimized with the Yoast SEO plugin v26.6 - https:\/\/yoast.com\/wordpress\/plugins\/seo\/ -->\n<title>Mentions l\u00e9gales - Calao fr<\/title>\n<meta name=\"robots\" content=\"index, follow, max-snippet:-1, max-image-preview:large, max-video-preview:-1\" \/>\n<link rel=\"canonical\" href=\"https:\/\/calao.de\/fr\/mentions-legales\/\" \/>\n<meta property=\"og:locale\" content=\"en_US\" \/>\n<meta property=\"og:type\" content=\"article\" \/>\n<meta property=\"og:title\" content=\"Mentions l\u00e9gales - Calao fr\" \/>\n<meta property=\"og:description\" content=\"Mentions l\u00e9gales Mentions l\u00e9gales Selon\u00a0\u00a7 5 TMG: Ulrike SchneiderS.T.A.- U. SchneiderHeinrich-Schicht-Stra\u00dfe 15DE -42499 H\u00fcckeswagen Allemagne Contact: T\u00e9l\u00e9phone:\u00a0 \u00a0 \u00a0+49 (0) 2192 &#8211; 4289Telefax:\u00a0 \u00a0 \u00a0+49 (0) 2192-7118Email:\u00a0 \u00a0 \u00a0info@calao.de Inscrives-vous: Registre du Commerce.Cour de registre: CologneNum\u00e9ro d&#8217;enregistrement: HRA16529 Num\u00e9ro de TVA: Num\u00e9ro de TVA intracommunautaire conform\u00e9ment\u00a0\u00a727 a une loi de la taxe de vente::DE123270784 Responsable &hellip; Continue reading &quot;Mentions l\u00e9gales&quot;\" \/>\n<meta property=\"og:url\" content=\"https:\/\/calao.de\/fr\/mentions-legales\/\" \/>\n<meta property=\"og:site_name\" content=\"Calao fr\" \/>\n<meta property=\"article:modified_time\" content=\"2025-08-25T05:27:05+00:00\" \/>\n<meta name=\"twitter:label1\" content=\"Est. reading time\" \/>\n\t<meta name=\"twitter:data1\" content=\"1 minute\" \/>\n<script type=\"application\/ld+json\" class=\"yoast-schema-graph\">{\"@context\":\"https:\/\/schema.org\",\"@graph\":[{\"@type\":\"WebPage\",\"@id\":\"https:\/\/calao.de\/fr\/mentions-legales\/\",\"url\":\"https:\/\/calao.de\/fr\/mentions-legales\/\",\"name\":\"Mentions l\u00e9gales - Calao fr\",\"isPartOf\":{\"@id\":\"https:\/\/calao.de\/fr\/#website\"},\"datePublished\":\"2014-09-30T14:20:07+00:00\",\"dateModified\":\"2025-08-25T05:27:05+00:00\",\"breadcrumb\":{\"@id\":\"https:\/\/calao.de\/fr\/mentions-legales\/#breadcrumb\"},\"inLanguage\":\"en-US\",\"potentialAction\":[{\"@type\":\"ReadAction\",\"target\":[\"https:\/\/calao.de\/fr\/mentions-legales\/\"]}]},{\"@type\":\"BreadcrumbList\",\"@id\":\"https:\/\/calao.de\/fr\/mentions-legales\/#breadcrumb\",\"itemListElement\":[{\"@type\":\"ListItem\",\"position\":1,\"name\":\"Home\",\"item\":\"https:\/\/calao.de\/fr\/\"},{\"@type\":\"ListItem\",\"position\":2,\"name\":\"Mentions l\u00e9gales\"}]},{\"@type\":\"WebSite\",\"@id\":\"https:\/\/calao.de\/fr\/#website\",\"url\":\"https:\/\/calao.de\/fr\/\",\"name\":\"Calao fr\",\"description\":\"Eine weitere Calao Seite\",\"potentialAction\":[{\"@type\":\"SearchAction\",\"target\":{\"@type\":\"EntryPoint\",\"urlTemplate\":\"https:\/\/calao.de\/fr\/?s={search_term_string}\"},\"query-input\":{\"@type\":\"PropertyValueSpecification\",\"valueRequired\":true,\"valueName\":\"search_term_string\"}}],\"inLanguage\":\"en-US\"}]}<\/script>\n<!-- \/ Yoast SEO plugin. -->","yoast_head_json":{"title":"Mentions l\u00e9gales - Calao fr","robots":{"index":"index","follow":"follow","max-snippet":"max-snippet:-1","max-image-preview":"max-image-preview:large","max-video-preview":"max-video-preview:-1"},"canonical":"https:\/\/calao.de\/fr\/mentions-legales\/","og_locale":"en_US","og_type":"article","og_title":"Mentions l\u00e9gales - Calao fr","og_description":"Mentions l\u00e9gales Mentions l\u00e9gales Selon\u00a0\u00a7 5 TMG: Ulrike SchneiderS.T.A.- U. SchneiderHeinrich-Schicht-Stra\u00dfe 15DE -42499 H\u00fcckeswagen Allemagne Contact: T\u00e9l\u00e9phone:\u00a0 \u00a0 \u00a0+49 (0) 2192 &#8211; 4289Telefax:\u00a0 \u00a0 \u00a0+49 (0) 2192-7118Email:\u00a0 \u00a0 \u00a0info@calao.de Inscrives-vous: Registre du Commerce.Cour de registre: CologneNum\u00e9ro d&#8217;enregistrement: HRA16529 Num\u00e9ro de TVA: Num\u00e9ro de TVA intracommunautaire conform\u00e9ment\u00a0\u00a727 a une loi de la taxe de vente::DE123270784 Responsable &hellip; Continue reading \"Mentions l\u00e9gales\"","og_url":"https:\/\/calao.de\/fr\/mentions-legales\/","og_site_name":"Calao fr","article_modified_time":"2025-08-25T05:27:05+00:00","twitter_misc":{"Est. reading time":"1 minute"},"schema":{"@context":"https:\/\/schema.org","@graph":[{"@type":"WebPage","@id":"https:\/\/calao.de\/fr\/mentions-legales\/","url":"https:\/\/calao.de\/fr\/mentions-legales\/","name":"Mentions l\u00e9gales - Calao fr","isPartOf":{"@id":"https:\/\/calao.de\/fr\/#website"},"datePublished":"2014-09-30T14:20:07+00:00","dateModified":"2025-08-25T05:27:05+00:00","breadcrumb":{"@id":"https:\/\/calao.de\/fr\/mentions-legales\/#breadcrumb"},"inLanguage":"en-US","potentialAction":[{"@type":"ReadAction","target":["https:\/\/calao.de\/fr\/mentions-legales\/"]}]},{"@type":"BreadcrumbList","@id":"https:\/\/calao.de\/fr\/mentions-legales\/#breadcrumb","itemListElement":[{"@type":"ListItem","position":1,"name":"Home","item":"https:\/\/calao.de\/fr\/"},{"@type":"ListItem","position":2,"name":"Mentions l\u00e9gales"}]},{"@type":"WebSite","@id":"https:\/\/calao.de\/fr\/#website","url":"https:\/\/calao.de\/fr\/","name":"Calao fr","description":"Eine weitere Calao Seite","potentialAction":[{"@type":"SearchAction","target":{"@type":"EntryPoint","urlTemplate":"https:\/\/calao.de\/fr\/?s={search_term_string}"},"query-input":{"@type":"PropertyValueSpecification","valueRequired":true,"valueName":"search_term_string"}}],"inLanguage":"en-US"}]}},"_links":{"self":[{"href":"https:\/\/calao.de\/fr\/wp-json\/wp\/v2\/pages\/43","targetHints":{"allow":["GET"]}}],"collection":[{"href":"https:\/\/calao.de\/fr\/wp-json\/wp\/v2\/pages"}],"about":[{"href":"https:\/\/calao.de\/fr\/wp-json\/wp\/v2\/types\/page"}],"author":[{"embeddable":true,"href":"https:\/\/calao.de\/fr\/wp-json\/wp\/v2\/users\/4"}],"replies":[{"embeddable":true,"href":"https:\/\/calao.de\/fr\/wp-json\/wp\/v2\/comments?post=43"}],"version-history":[{"count":12,"href":"https:\/\/calao.de\/fr\/wp-json\/wp\/v2\/pages\/43\/revisions"}],"predecessor-version":[{"id":1598,"href":"https:\/\/calao.de\/fr\/wp-json\/wp\/v2\/pages\/43\/revisions\/1598"}],"wp:attachment":[{"href":"https:\/\/calao.de\/fr\/wp-json\/wp\/v2\/media?parent=43"}],"curies":[{"name":"wp","href":"https:\/\/api.w.org\/{rel}","templated":true}]}}