{"id":41,"date":"2014-09-30T16:32:52","date_gmt":"2014-09-30T15:32:52","guid":{"rendered":"http:\/\/dev.calao.de\/fr\/?page_id=41"},"modified":"2025-08-25T06:27:44","modified_gmt":"2025-08-25T05:27:44","slug":"clause-de-non-responsabilite","status":"publish","type":"page","link":"https:\/\/calao.de\/fr\/clause-de-non-responsabilite\/","title":{"rendered":"Clause de non-responsabilit\u00e9"},"content":{"rendered":"\t\t<div data-elementor-type=\"wp-page\" data-elementor-id=\"41\" class=\"elementor elementor-41\">\n\t\t\t\t\t\t<section class=\"elementor-section elementor-top-section elementor-element elementor-element-213de12 elementor-section-boxed elementor-section-height-default elementor-section-height-default\" data-id=\"213de12\" data-element_type=\"section\" data-settings=\"{&quot;background_background&quot;:&quot;gradient&quot;}\">\n\t\t\t\t\t\t<div class=\"elementor-container elementor-column-gap-default\">\n\t\t\t\t\t<div class=\"elementor-column elementor-col-100 elementor-top-column elementor-element elementor-element-c79fd1b\" data-id=\"c79fd1b\" data-element_type=\"column\">\n\t\t\t<div class=\"elementor-widget-wrap elementor-element-populated\">\n\t\t\t\t\t\t<div class=\"elementor-element elementor-element-227b6f8 elementor-widget elementor-widget-text-editor\" data-id=\"227b6f8\" data-element_type=\"widget\" data-widget_type=\"text-editor.default\">\n\t\t\t\t<div class=\"elementor-widget-container\">\n\t\t\t\t\t\t\t\t\t<h1>Clause de non-responsabilit\u00e9<\/h1><p style=\"color: #7a7a7a; font-family: Roboto, sans-serif; font-size: 16px;\"><span style=\"font-weight: bold;\">Responsabilit\u00e9 quant au contenu<\/span><\/p><p style=\"color: #7a7a7a; font-family: Roboto, sans-serif; font-size: 16px;\">En tant que prestataire de services, nous sommes responsables selon \u00a7 7 Abs.1 TMG pour leurs propres contenus sur ces pages en vertu des lois g\u00e9n\u00e9rales. Selon \u00a7\u00a7 8 \u00e0 10 TMG, nous ne sommes pas oblig\u00e9s comme un fournisseur de service pour surveiller informations transmises ou stock\u00e9es \u00e9tranger ou \u00e0 enqu\u00eater sur les circonstances qui indiquent une activit\u00e9 ill\u00e9gale. Les obligations de retirer ou de bloquer l&#8217;utilisation de l&#8217;information en vertu des lois g\u00e9n\u00e9rales restent inchang\u00e9es. Cependant, un passif correspondant est possible qu&#8217;\u00e0 partir de la date de la connaissance d&#8217;une infraction sp\u00e9cifique. D\u00e8s la notification de ces violations, nous allons imm\u00e9diatement supprimer ce contenu.<\/p><p style=\"color: #7a7a7a; font-family: Roboto, sans-serif; font-size: 16px;\"><span style=\"font-weight: bold;\">Responsabilit\u00e9 pour les liens<\/span><\/p><p style=\"color: #7a7a7a; font-family: Roboto, sans-serif; font-size: 16px;\">Notre site contient des liens vers des sites externes, sur lesquels nous avons aucune influence. Par cons\u00e9quent, nous ne pouvons accepter aucune responsabilit\u00e9 pour ce contenu externe. Le fournisseur ou l&#8217;exploitant de ces sites est toujours responsable pour le contenu de tout site li\u00e9. Les sites li\u00e9s ont \u00e9t\u00e9 contr\u00f4l\u00e9s au moment de la liaison \u00e9ventuelles violations du droit. Des contenus ill\u00e9gaux \u00e9taient au moment de la liaison. Un contr\u00f4le permanent des pages li\u00e9es est d\u00e9raisonnable sans indices concrets d&#8217;une violation. D\u00e8s la notification de violations, nous allons supprimer ces liens imm\u00e9diatement.<\/p><p style=\"color: #7a7a7a; font-family: Roboto, sans-serif; font-size: 16px;\"><span style=\"font-weight: bold;\">Droit d&#8217;auteur<\/span><\/p><p style=\"color: #7a7a7a; font-family: Roboto, sans-serif; font-size: 16px;\">Les contenus et \u0153uvres sur ces pages cr\u00e9\u00e9es par les exploitants du site sont soumises au droit d&#8217;auteur allemand. La reproduction, l&#8217;adaptation, la distribution et toute forme d&#8217;exploitation en dehors des limites du droit d&#8217;auteur n\u00e9cessite l&#8217;autorisation \u00e9crite de l&#8217;auteur ou le cr\u00e9ateur respectif. Les t\u00e9l\u00e9chargements et copies de ces pages ne sont autoris\u00e9es que pour un usage priv\u00e9, non-commercial. Dans la mesure o\u00f9 le contenu ne soit pas cr\u00e9\u00e9 par l&#8217;exploitant du site, les droits de propri\u00e9t\u00e9 de tiers. En particulier contenu de tiers sont marqu\u00e9s comme tels. Si vous devenez a n\u00e9anmoins conscience de violation de copyright, nous vous demandons un indice. D\u00e8s la notification de violations, nous allons supprimer le contenu imm\u00e9diatement.<\/p>\t\t\t\t\t\t\t\t<\/div>\n\t\t\t\t<\/div>\n\t\t\t\t\t<\/div>\n\t\t<\/div>\n\t\t\t\t\t<\/div>\n\t\t<\/section>\n\t\t\t\t<\/div>\n\t\t","protected":false},"excerpt":{"rendered":"<p>Clause de non-responsabilit\u00e9 Responsabilit\u00e9 quant au contenu En tant que prestataire de services, nous sommes responsables selon \u00a7 7 Abs.1 TMG pour leurs propres contenus sur ces pages en vertu des lois g\u00e9n\u00e9rales. Selon \u00a7\u00a7 8 \u00e0 10 TMG, nous ne sommes pas oblig\u00e9s comme un fournisseur de service pour surveiller informations transmises ou stock\u00e9es &hellip; <\/p>\n<p class=\"link-more\"><a href=\"https:\/\/calao.de\/fr\/clause-de-non-responsabilite\/\" class=\"more-link\">Continue reading<span class=\"screen-reader-text\"> &#8220;Clause de non-responsabilit\u00e9&#8221;<\/span><\/a><\/p>\n","protected":false},"author":4,"featured_media":0,"parent":0,"menu_order":0,"comment_status":"closed","ping_status":"closed","template":"elementor_header_footer","meta":{"_acf_changed":false,"footnotes":""},"class_list":["post-41","page","type-page","status-publish","hentry"],"acf":[],"yoast_head":"<!-- This site is optimized with the Yoast SEO plugin v26.6 - https:\/\/yoast.com\/wordpress\/plugins\/seo\/ -->\n<title>Clause de non-responsabilit\u00e9 - Calao fr<\/title>\n<meta name=\"robots\" content=\"index, follow, max-snippet:-1, max-image-preview:large, max-video-preview:-1\" \/>\n<link rel=\"canonical\" href=\"https:\/\/calao.de\/fr\/clause-de-non-responsabilite\/\" \/>\n<meta property=\"og:locale\" content=\"en_US\" \/>\n<meta property=\"og:type\" content=\"article\" \/>\n<meta property=\"og:title\" content=\"Clause de non-responsabilit\u00e9 - Calao fr\" \/>\n<meta property=\"og:description\" content=\"Clause de non-responsabilit\u00e9 Responsabilit\u00e9 quant au contenu En tant que prestataire de services, nous sommes responsables selon \u00a7 7 Abs.1 TMG pour leurs propres contenus sur ces pages en vertu des lois g\u00e9n\u00e9rales. Selon \u00a7\u00a7 8 \u00e0 10 TMG, nous ne sommes pas oblig\u00e9s comme un fournisseur de service pour surveiller informations transmises ou stock\u00e9es &hellip; Continue reading &quot;Clause de non-responsabilit\u00e9&quot;\" \/>\n<meta property=\"og:url\" content=\"https:\/\/calao.de\/fr\/clause-de-non-responsabilite\/\" \/>\n<meta property=\"og:site_name\" content=\"Calao fr\" \/>\n<meta property=\"article:modified_time\" content=\"2025-08-25T05:27:44+00:00\" \/>\n<meta name=\"twitter:label1\" content=\"Est. reading time\" \/>\n\t<meta name=\"twitter:data1\" content=\"2 minutes\" \/>\n<script type=\"application\/ld+json\" class=\"yoast-schema-graph\">{\"@context\":\"https:\/\/schema.org\",\"@graph\":[{\"@type\":\"WebPage\",\"@id\":\"https:\/\/calao.de\/fr\/clause-de-non-responsabilite\/\",\"url\":\"https:\/\/calao.de\/fr\/clause-de-non-responsabilite\/\",\"name\":\"Clause de non-responsabilit\u00e9 - Calao fr\",\"isPartOf\":{\"@id\":\"https:\/\/calao.de\/fr\/#website\"},\"datePublished\":\"2014-09-30T15:32:52+00:00\",\"dateModified\":\"2025-08-25T05:27:44+00:00\",\"breadcrumb\":{\"@id\":\"https:\/\/calao.de\/fr\/clause-de-non-responsabilite\/#breadcrumb\"},\"inLanguage\":\"en-US\",\"potentialAction\":[{\"@type\":\"ReadAction\",\"target\":[\"https:\/\/calao.de\/fr\/clause-de-non-responsabilite\/\"]}]},{\"@type\":\"BreadcrumbList\",\"@id\":\"https:\/\/calao.de\/fr\/clause-de-non-responsabilite\/#breadcrumb\",\"itemListElement\":[{\"@type\":\"ListItem\",\"position\":1,\"name\":\"Home\",\"item\":\"https:\/\/calao.de\/fr\/\"},{\"@type\":\"ListItem\",\"position\":2,\"name\":\"Clause de non-responsabilit\u00e9\"}]},{\"@type\":\"WebSite\",\"@id\":\"https:\/\/calao.de\/fr\/#website\",\"url\":\"https:\/\/calao.de\/fr\/\",\"name\":\"Calao fr\",\"description\":\"Eine weitere Calao Seite\",\"potentialAction\":[{\"@type\":\"SearchAction\",\"target\":{\"@type\":\"EntryPoint\",\"urlTemplate\":\"https:\/\/calao.de\/fr\/?s={search_term_string}\"},\"query-input\":{\"@type\":\"PropertyValueSpecification\",\"valueRequired\":true,\"valueName\":\"search_term_string\"}}],\"inLanguage\":\"en-US\"}]}<\/script>\n<!-- \/ Yoast SEO plugin. -->","yoast_head_json":{"title":"Clause de non-responsabilit\u00e9 - Calao fr","robots":{"index":"index","follow":"follow","max-snippet":"max-snippet:-1","max-image-preview":"max-image-preview:large","max-video-preview":"max-video-preview:-1"},"canonical":"https:\/\/calao.de\/fr\/clause-de-non-responsabilite\/","og_locale":"en_US","og_type":"article","og_title":"Clause de non-responsabilit\u00e9 - Calao fr","og_description":"Clause de non-responsabilit\u00e9 Responsabilit\u00e9 quant au contenu En tant que prestataire de services, nous sommes responsables selon \u00a7 7 Abs.1 TMG pour leurs propres contenus sur ces pages en vertu des lois g\u00e9n\u00e9rales. Selon \u00a7\u00a7 8 \u00e0 10 TMG, nous ne sommes pas oblig\u00e9s comme un fournisseur de service pour surveiller informations transmises ou stock\u00e9es &hellip; Continue reading \"Clause de non-responsabilit\u00e9\"","og_url":"https:\/\/calao.de\/fr\/clause-de-non-responsabilite\/","og_site_name":"Calao fr","article_modified_time":"2025-08-25T05:27:44+00:00","twitter_misc":{"Est. reading time":"2 minutes"},"schema":{"@context":"https:\/\/schema.org","@graph":[{"@type":"WebPage","@id":"https:\/\/calao.de\/fr\/clause-de-non-responsabilite\/","url":"https:\/\/calao.de\/fr\/clause-de-non-responsabilite\/","name":"Clause de non-responsabilit\u00e9 - Calao fr","isPartOf":{"@id":"https:\/\/calao.de\/fr\/#website"},"datePublished":"2014-09-30T15:32:52+00:00","dateModified":"2025-08-25T05:27:44+00:00","breadcrumb":{"@id":"https:\/\/calao.de\/fr\/clause-de-non-responsabilite\/#breadcrumb"},"inLanguage":"en-US","potentialAction":[{"@type":"ReadAction","target":["https:\/\/calao.de\/fr\/clause-de-non-responsabilite\/"]}]},{"@type":"BreadcrumbList","@id":"https:\/\/calao.de\/fr\/clause-de-non-responsabilite\/#breadcrumb","itemListElement":[{"@type":"ListItem","position":1,"name":"Home","item":"https:\/\/calao.de\/fr\/"},{"@type":"ListItem","position":2,"name":"Clause de non-responsabilit\u00e9"}]},{"@type":"WebSite","@id":"https:\/\/calao.de\/fr\/#website","url":"https:\/\/calao.de\/fr\/","name":"Calao fr","description":"Eine weitere Calao Seite","potentialAction":[{"@type":"SearchAction","target":{"@type":"EntryPoint","urlTemplate":"https:\/\/calao.de\/fr\/?s={search_term_string}"},"query-input":{"@type":"PropertyValueSpecification","valueRequired":true,"valueName":"search_term_string"}}],"inLanguage":"en-US"}]}},"_links":{"self":[{"href":"https:\/\/calao.de\/fr\/wp-json\/wp\/v2\/pages\/41","targetHints":{"allow":["GET"]}}],"collection":[{"href":"https:\/\/calao.de\/fr\/wp-json\/wp\/v2\/pages"}],"about":[{"href":"https:\/\/calao.de\/fr\/wp-json\/wp\/v2\/types\/page"}],"author":[{"embeddable":true,"href":"https:\/\/calao.de\/fr\/wp-json\/wp\/v2\/users\/4"}],"replies":[{"embeddable":true,"href":"https:\/\/calao.de\/fr\/wp-json\/wp\/v2\/comments?post=41"}],"version-history":[{"count":12,"href":"https:\/\/calao.de\/fr\/wp-json\/wp\/v2\/pages\/41\/revisions"}],"predecessor-version":[{"id":1587,"href":"https:\/\/calao.de\/fr\/wp-json\/wp\/v2\/pages\/41\/revisions\/1587"}],"wp:attachment":[{"href":"https:\/\/calao.de\/fr\/wp-json\/wp\/v2\/media?parent=41"}],"curies":[{"name":"wp","href":"https:\/\/api.w.org\/{rel}","templated":true}]}}