{"id":40,"date":"2014-09-30T16:33:12","date_gmt":"2014-09-30T15:33:12","guid":{"rendered":"http:\/\/dev.calao.de\/fr\/?page_id=40"},"modified":"2025-08-25T06:27:22","modified_gmt":"2025-08-25T05:27:22","slug":"datenschutzerklaerung","status":"publish","type":"page","link":"https:\/\/calao.de\/fr\/datenschutzerklaerung\/","title":{"rendered":"D\u00e9claration de protection de donn\u00e9es"},"content":{"rendered":"\t\t<div data-elementor-type=\"wp-page\" data-elementor-id=\"40\" class=\"elementor elementor-40\">\n\t\t\t\t\t\t<section class=\"elementor-section elementor-top-section elementor-element elementor-element-a1a1da9 elementor-section-boxed elementor-section-height-default elementor-section-height-default\" data-id=\"a1a1da9\" data-element_type=\"section\" data-settings=\"{&quot;background_background&quot;:&quot;gradient&quot;}\">\n\t\t\t\t\t\t<div class=\"elementor-container elementor-column-gap-default\">\n\t\t\t\t\t<div class=\"elementor-column elementor-col-100 elementor-top-column elementor-element elementor-element-c707b3d\" data-id=\"c707b3d\" data-element_type=\"column\">\n\t\t\t<div class=\"elementor-widget-wrap elementor-element-populated\">\n\t\t\t\t\t\t<div class=\"elementor-element elementor-element-37ac7ca elementor-widget elementor-widget-text-editor\" data-id=\"37ac7ca\" data-element_type=\"widget\" data-widget_type=\"text-editor.default\">\n\t\t\t\t<div class=\"elementor-widget-container\">\n\t\t\t\t\t\t\t\t\t<h1>D\u00e9claration de protection de donn\u00e9es<\/h1><p style=\"color: #7a7a7a; font-family: Roboto, sans-serif; font-size: 16px;\"><span style=\"font-weight: bold;\">D\u00e9claration de confidentialit\u00e9 pour l&#8217;utilisation des plugins Facebook (Like-Button)<\/span><\/p><p style=\"color: #7a7a7a; font-family: Roboto, sans-serif; font-size: 16px;\">Sur nos pages de plugins du r\u00e9seau social Facebook (Facebook Inc., 1601 Willow Road, Menlo Park, Californie, 94025, \u00c9tats-Unis) sont int\u00e9gr\u00e9s. Le plugin Facebook, vous vous engagez \u00e0 le logo Facebook ou le \u00abLike Button&#8221; (&#8220;Like&#8221;) de notre c\u00f4t\u00e9. Vous pouvez trouver un aper\u00e7u de Facebook-plugins ici:\u00a0<a style=\"color: #000000; outline: 0px;\" href=\"http:\/\/developers.facebook.com\/docs\/plugins\/\">http:\/\/developers.facebook.com\/docs\/plugins\/<\/a>.<br \/>Lorsque vous visitez nos pages, le plugin \u00e9tablit une connexion directe entre votre navigateur et le serveur Facebook est \u00e9tabli. Facebook re\u00e7oit l&#8217;information que vous avez avec votre adresse IP a visit\u00e9 notre site. Si vous cliquez sur le lien &#8220;Facebook like&#8221; alors que vous \u00eates connect\u00e9 \u00e0 votre compte Facebook, vous pouvez lier le contenu de nos pages sur votre profil Facebook. Cela permet \u00e0 Facebook d&#8217;attribuer votre visite sur notre site Web \u00e0 votre compte utilisateur. Nous rappelons que nous en tant que fournisseurs des sites aucune connaissance du contenu des donn\u00e9es transmises et de les utiliser gr\u00e2ce \u00e0 Facebook. Pour plus d&#8217;informations, s&#8217;il vous pla\u00eet voir la d\u00e9claration de confidentialit\u00e9 de Facebook sous\u00a0<a href=\"http:\/\/de-de.facebook.com\/policy.php\">http:\/\/de-de.facebook.com\/policy.php<\/a><\/p><p style=\"color: #7a7a7a; font-family: Roboto, sans-serif; font-size: 16px;\">Si vous ne souhaitez pas que Facebook peut attribuer \u00e0 visiter nos pages \u00e0 votre compte utilisateur Facebook, s&#8217;il vous pla\u00eet vous d\u00e9connecter de votre compte Facebook.<\/p><p style=\"color: #7a7a7a; font-family: Roboto, sans-serif; font-size: 16px;\"><span style=\"font-weight: bold;\">D\u00e9claration de confidentialit\u00e9 pour l&#8217;utilisation de Google Analytics<\/span><\/p><p style=\"color: #7a7a7a; font-family: Roboto, sans-serif; font-size: 16px;\">Ce site utilise Google Analytics, un service d&#8217;analyse de site internet fourni par Google Inc. (\u00abGoogle\u00bb). Google Analytics utilise. &#8220;Cookies&#8221;, des fichiers texte qui sont stock\u00e9s sur votre ordinateur et permettent une analyse de votre utilisation du site. Les informations g\u00e9n\u00e9r\u00e9es par les cookies concernant votre utilisation de ce site sont transmises g\u00e9n\u00e9ralement \u00e0 un serveur de Google aux \u00c9tats-Unis et y sont stock\u00e9es. En cas d&#8217;activation de l&#8217;anonymisation IP sur ce site votre adresse IP de Google sera tronqu\u00e9 au sein des \u00c9tats membres de l&#8217;Union europ\u00e9enne ou d&#8217;autres parties \u00e0 l&#8217;accord sur l&#8217;Espace \u00e9conomique europ\u00e9en.<\/p><p style=\"color: #7a7a7a; font-family: Roboto, sans-serif; font-size: 16px;\">Seulement dans des cas exceptionnels est l&#8217;adresse IP compl\u00e8te est transmise \u00e0 un serveur de Google aux USA et abr\u00e9g\u00e9e. Au nom de l&#8217;op\u00e9rateur de ce site Google utilisera cette information pour \u00e9valuer votre utilisation du site, de compiler des rapports sur l&#8217;activit\u00e9 du site et \u00e0 fournir d&#8217;autres avec le site et les services li\u00e9s \u00e0 l&#8217;Internet \u00e0 l&#8217;exploitant du site. Est entrepris dans le cadre de Google Analytics que votre navigateur envoie l&#8217;adresse IP ne peut pas \u00eatre fusionn\u00e9 avec d&#8217;autres donn\u00e9es de Google.<\/p><p style=\"color: #7a7a7a; font-family: Roboto, sans-serif; font-size: 16px;\">Vous pouvez refuser l&#8217;utilisation de cookies en s\u00e9lectionnant les param\u00e8tres appropri\u00e9s de votre logiciel de navigation; Cependant, nous rappelons que vous pouvez \u00e9ventuellement utiliser \u00e0 leur pleine mesure dans ce cas pas toutes les fonctionnalit\u00e9s de ce site. Vous pouvez \u00e9galement emp\u00eacher les donn\u00e9es g\u00e9n\u00e9r\u00e9es par le cookie et relatives \u00e0 votre utilisation du site (incl. Votre adresse IP) \u00e0 Google et le traitement de ces donn\u00e9es par Google, en t\u00e9l\u00e9chargeant disponible au lien suivant plugin navigateur et installer:\u00a0<a href=\"http:\/\/tools.google.com\/dlpage\/gaoptout?hl=de\">http:\/\/tools.google.com\/dlpage\/gaoptout?hl=de<\/a>.<\/p>\t\t\t\t\t\t\t\t<\/div>\n\t\t\t\t<\/div>\n\t\t\t\t\t<\/div>\n\t\t<\/div>\n\t\t\t\t\t<\/div>\n\t\t<\/section>\n\t\t\t\t<\/div>\n\t\t","protected":false},"excerpt":{"rendered":"<p>D\u00e9claration de protection de donn\u00e9es D\u00e9claration de confidentialit\u00e9 pour l&#8217;utilisation des plugins Facebook (Like-Button) Sur nos pages de plugins du r\u00e9seau social Facebook (Facebook Inc., 1601 Willow Road, Menlo Park, Californie, 94025, \u00c9tats-Unis) sont int\u00e9gr\u00e9s. Le plugin Facebook, vous vous engagez \u00e0 le logo Facebook ou le \u00abLike Button&#8221; (&#8220;Like&#8221;) de notre c\u00f4t\u00e9. Vous pouvez &hellip; <\/p>\n<p class=\"link-more\"><a href=\"https:\/\/calao.de\/fr\/datenschutzerklaerung\/\" class=\"more-link\">Continue reading<span class=\"screen-reader-text\"> &#8220;D\u00e9claration de protection de donn\u00e9es&#8221;<\/span><\/a><\/p>\n","protected":false},"author":4,"featured_media":0,"parent":0,"menu_order":0,"comment_status":"closed","ping_status":"closed","template":"elementor_header_footer","meta":{"_acf_changed":false,"footnotes":""},"class_list":["post-40","page","type-page","status-publish","hentry"],"acf":[],"yoast_head":"<!-- This site is optimized with the Yoast SEO plugin v26.6 - https:\/\/yoast.com\/wordpress\/plugins\/seo\/ -->\n<title>D\u00e9claration de protection de donn\u00e9es - Calao fr<\/title>\n<meta name=\"robots\" content=\"index, follow, max-snippet:-1, max-image-preview:large, max-video-preview:-1\" \/>\n<link rel=\"canonical\" href=\"https:\/\/calao.de\/fr\/datenschutzerklaerung\/\" \/>\n<meta property=\"og:locale\" content=\"en_US\" \/>\n<meta property=\"og:type\" content=\"article\" \/>\n<meta property=\"og:title\" content=\"D\u00e9claration de protection de donn\u00e9es - Calao fr\" \/>\n<meta property=\"og:description\" content=\"D\u00e9claration de protection de donn\u00e9es D\u00e9claration de confidentialit\u00e9 pour l&#8217;utilisation des plugins Facebook (Like-Button) Sur nos pages de plugins du r\u00e9seau social Facebook (Facebook Inc., 1601 Willow Road, Menlo Park, Californie, 94025, \u00c9tats-Unis) sont int\u00e9gr\u00e9s. Le plugin Facebook, vous vous engagez \u00e0 le logo Facebook ou le \u00abLike Button&#8221; (&#8220;Like&#8221;) de notre c\u00f4t\u00e9. Vous pouvez &hellip; Continue reading &quot;D\u00e9claration de protection de donn\u00e9es&quot;\" \/>\n<meta property=\"og:url\" content=\"https:\/\/calao.de\/fr\/datenschutzerklaerung\/\" \/>\n<meta property=\"og:site_name\" content=\"Calao fr\" \/>\n<meta property=\"article:modified_time\" content=\"2025-08-25T05:27:22+00:00\" \/>\n<meta name=\"twitter:label1\" content=\"Est. reading time\" \/>\n\t<meta name=\"twitter:data1\" content=\"3 minutes\" \/>\n<script type=\"application\/ld+json\" class=\"yoast-schema-graph\">{\"@context\":\"https:\/\/schema.org\",\"@graph\":[{\"@type\":\"WebPage\",\"@id\":\"https:\/\/calao.de\/fr\/datenschutzerklaerung\/\",\"url\":\"https:\/\/calao.de\/fr\/datenschutzerklaerung\/\",\"name\":\"D\u00e9claration de protection de donn\u00e9es - Calao fr\",\"isPartOf\":{\"@id\":\"https:\/\/calao.de\/fr\/#website\"},\"datePublished\":\"2014-09-30T15:33:12+00:00\",\"dateModified\":\"2025-08-25T05:27:22+00:00\",\"breadcrumb\":{\"@id\":\"https:\/\/calao.de\/fr\/datenschutzerklaerung\/#breadcrumb\"},\"inLanguage\":\"en-US\",\"potentialAction\":[{\"@type\":\"ReadAction\",\"target\":[\"https:\/\/calao.de\/fr\/datenschutzerklaerung\/\"]}]},{\"@type\":\"BreadcrumbList\",\"@id\":\"https:\/\/calao.de\/fr\/datenschutzerklaerung\/#breadcrumb\",\"itemListElement\":[{\"@type\":\"ListItem\",\"position\":1,\"name\":\"Home\",\"item\":\"https:\/\/calao.de\/fr\/\"},{\"@type\":\"ListItem\",\"position\":2,\"name\":\"D\u00e9claration de protection de donn\u00e9es\"}]},{\"@type\":\"WebSite\",\"@id\":\"https:\/\/calao.de\/fr\/#website\",\"url\":\"https:\/\/calao.de\/fr\/\",\"name\":\"Calao fr\",\"description\":\"Eine weitere Calao Seite\",\"potentialAction\":[{\"@type\":\"SearchAction\",\"target\":{\"@type\":\"EntryPoint\",\"urlTemplate\":\"https:\/\/calao.de\/fr\/?s={search_term_string}\"},\"query-input\":{\"@type\":\"PropertyValueSpecification\",\"valueRequired\":true,\"valueName\":\"search_term_string\"}}],\"inLanguage\":\"en-US\"}]}<\/script>\n<!-- \/ Yoast SEO plugin. -->","yoast_head_json":{"title":"D\u00e9claration de protection de donn\u00e9es - Calao fr","robots":{"index":"index","follow":"follow","max-snippet":"max-snippet:-1","max-image-preview":"max-image-preview:large","max-video-preview":"max-video-preview:-1"},"canonical":"https:\/\/calao.de\/fr\/datenschutzerklaerung\/","og_locale":"en_US","og_type":"article","og_title":"D\u00e9claration de protection de donn\u00e9es - Calao fr","og_description":"D\u00e9claration de protection de donn\u00e9es D\u00e9claration de confidentialit\u00e9 pour l&#8217;utilisation des plugins Facebook (Like-Button) Sur nos pages de plugins du r\u00e9seau social Facebook (Facebook Inc., 1601 Willow Road, Menlo Park, Californie, 94025, \u00c9tats-Unis) sont int\u00e9gr\u00e9s. Le plugin Facebook, vous vous engagez \u00e0 le logo Facebook ou le \u00abLike Button&#8221; (&#8220;Like&#8221;) de notre c\u00f4t\u00e9. Vous pouvez &hellip; Continue reading \"D\u00e9claration de protection de donn\u00e9es\"","og_url":"https:\/\/calao.de\/fr\/datenschutzerklaerung\/","og_site_name":"Calao fr","article_modified_time":"2025-08-25T05:27:22+00:00","twitter_misc":{"Est. reading time":"3 minutes"},"schema":{"@context":"https:\/\/schema.org","@graph":[{"@type":"WebPage","@id":"https:\/\/calao.de\/fr\/datenschutzerklaerung\/","url":"https:\/\/calao.de\/fr\/datenschutzerklaerung\/","name":"D\u00e9claration de protection de donn\u00e9es - Calao fr","isPartOf":{"@id":"https:\/\/calao.de\/fr\/#website"},"datePublished":"2014-09-30T15:33:12+00:00","dateModified":"2025-08-25T05:27:22+00:00","breadcrumb":{"@id":"https:\/\/calao.de\/fr\/datenschutzerklaerung\/#breadcrumb"},"inLanguage":"en-US","potentialAction":[{"@type":"ReadAction","target":["https:\/\/calao.de\/fr\/datenschutzerklaerung\/"]}]},{"@type":"BreadcrumbList","@id":"https:\/\/calao.de\/fr\/datenschutzerklaerung\/#breadcrumb","itemListElement":[{"@type":"ListItem","position":1,"name":"Home","item":"https:\/\/calao.de\/fr\/"},{"@type":"ListItem","position":2,"name":"D\u00e9claration de protection de donn\u00e9es"}]},{"@type":"WebSite","@id":"https:\/\/calao.de\/fr\/#website","url":"https:\/\/calao.de\/fr\/","name":"Calao fr","description":"Eine weitere Calao Seite","potentialAction":[{"@type":"SearchAction","target":{"@type":"EntryPoint","urlTemplate":"https:\/\/calao.de\/fr\/?s={search_term_string}"},"query-input":{"@type":"PropertyValueSpecification","valueRequired":true,"valueName":"search_term_string"}}],"inLanguage":"en-US"}]}},"_links":{"self":[{"href":"https:\/\/calao.de\/fr\/wp-json\/wp\/v2\/pages\/40","targetHints":{"allow":["GET"]}}],"collection":[{"href":"https:\/\/calao.de\/fr\/wp-json\/wp\/v2\/pages"}],"about":[{"href":"https:\/\/calao.de\/fr\/wp-json\/wp\/v2\/types\/page"}],"author":[{"embeddable":true,"href":"https:\/\/calao.de\/fr\/wp-json\/wp\/v2\/users\/4"}],"replies":[{"embeddable":true,"href":"https:\/\/calao.de\/fr\/wp-json\/wp\/v2\/comments?post=40"}],"version-history":[{"count":11,"href":"https:\/\/calao.de\/fr\/wp-json\/wp\/v2\/pages\/40\/revisions"}],"predecessor-version":[{"id":1590,"href":"https:\/\/calao.de\/fr\/wp-json\/wp\/v2\/pages\/40\/revisions\/1590"}],"wp:attachment":[{"href":"https:\/\/calao.de\/fr\/wp-json\/wp\/v2\/media?parent=40"}],"curies":[{"name":"wp","href":"https:\/\/api.w.org\/{rel}","templated":true}]}}